{"id":7480,"date":"2025-12-17T13:28:23","date_gmt":"2025-12-17T12:28:23","guid":{"rendered":"https:\/\/www.trones.sk\/?post_type=product&#038;p=7480"},"modified":"2025-12-17T13:52:39","modified_gmt":"2025-12-17T12:52:39","slug":"rubin-109ct","status":"publish","type":"product","link":"https:\/\/www.trones.sk\/en\/product\/rubin-109ct\/","title":{"rendered":"Rub\u00edn 1,09ct"},"content":{"rendered":"","protected":false},"excerpt":{"rendered":"<p>Pr\u00edrodn\u00fd rub\u00edn, nezahrievan\u00fd!<\/p>\n<p>\u0161pecifik\u00e1cia farby: Deep Red, fazetovan\u00fd<\/p>\n<p>krajina p\u00f4vodu: Mozambik<\/p>\n<p>certifik\u00e1t Bellerophon<\/p>\n<p>identifika\u010dn\u00e9 \u010d\u00edslo certifik\u00e1tu: B34906<\/p>\n<p>certifik\u00e1t: <a href=\"https:\/\/bellerophon-share.s3.ap-southeast-2.amazonaws.com\/B34906\/B34906.pdf?response-content-disposition=inline%3B%20filename%3D%22B34906.pdf%22&amp;response-content-type=application%2Fpdf&amp;X-Amz-Content-Sha256=UNSIGNED-PAYLOAD&amp;X-Amz-Algorithm=AWS4-HMAC-SHA256&amp;X-Amz-Credential=AKIAU72LGFJ7SNMDEAGV%2F20251217%2Fap-southeast-2%2Fs3%2Faws4_request&amp;X-Amz-Date=20251217T124929Z&amp;X-Amz-SignedHeaders=host&amp;X-Amz-Expires=3600&amp;X-Amz-Signature=978eb13b4bca8f1d8654a022af64edba1bcb911e7c2800904d1a20b1ae70f984\">B34906.pdf<\/a><\/p>","protected":false},"featured_media":7487,"template":"","meta":[],"product_brand":[],"product_cat":[39,15],"product_tag":[127,203,152,22,61],"class_list":{"0":"post-7480","1":"product","2":"type-product","3":"status-publish","4":"has-post-thumbnail","6":"product_cat-rubin","7":"product_cat-vsetky","8":"product_tag-1-01-az-2-00-ct","9":"product_tag-certifikat","10":"product_tag-cervena","11":"product_tag-cushion","12":"product_tag-rubin","13":"pa_farba-cervena","14":"pa_tvar-cushion","16":"first","17":"instock","18":"taxable","19":"shipping-taxable","20":"purchasable","21":"product-type-simple"},"yoast_head":"<!-- This site is optimized with the Yoast SEO plugin v27.3 - https:\/\/yoast.com\/product\/yoast-seo-wordpress\/ -->\n<title>Rub\u00edn 1,09ct - Trones<\/title>\n<meta name=\"robots\" content=\"index, follow, max-snippet:-1, max-image-preview:large, max-video-preview:-1\" \/>\n<link rel=\"canonical\" href=\"https:\/\/www.trones.sk\/en\/product\/rubin-109ct\/\" \/>\n<meta property=\"og:locale\" content=\"en_GB\" \/>\n<meta property=\"og:type\" content=\"article\" \/>\n<meta property=\"og:title\" content=\"Rub\u00edn 1,09ct - Trones\" \/>\n<meta property=\"og:description\" content=\"Pr\u00edrodn\u00fd rub\u00edn, nezahrievan\u00fd!  \u0161pecifik\u00e1cia farby: Deep Red, fazetovan\u00fd  krajina p\u00f4vodu: Mozambik  certifik\u00e1t Bellerophon  identifika\u010dn\u00e9 \u010d\u00edslo certifik\u00e1tu: B34906  certifik\u00e1t: B34906.pdf\" \/>\n<meta property=\"og:url\" content=\"https:\/\/www.trones.sk\/en\/product\/rubin-109ct\/\" \/>\n<meta property=\"og:site_name\" content=\"Trones\" \/>\n<meta property=\"article:publisher\" content=\"https:\/\/www.facebook.com\/tronesdiamanty\" \/>\n<meta property=\"article:modified_time\" content=\"2025-12-17T12:52:39+00:00\" \/>\n<meta property=\"og:image\" content=\"https:\/\/www.trones.sk\/wp-content\/uploads\/2025\/12\/Ruby_Deep_Red_Cushion_1_090_ct_Trones_R400028_9-1024x1024.jpg\" \/>\n\t<meta property=\"og:image:width\" content=\"1024\" \/>\n\t<meta property=\"og:image:height\" content=\"1024\" \/>\n\t<meta property=\"og:image:type\" content=\"image\/jpeg\" \/>\n<meta name=\"twitter:card\" content=\"summary_large_image\" \/>\n<meta name=\"twitter:label1\" content=\"Estimated reading time\" \/>\n\t<meta name=\"twitter:data1\" content=\"1 minute\" \/>\n<script type=\"application\/ld+json\" class=\"yoast-schema-graph\">{\"@context\":\"https:\\\/\\\/schema.org\",\"@graph\":[{\"@type\":\"WebPage\",\"@id\":\"https:\\\/\\\/www.trones.sk\\\/produkt\\\/rubin-109ct\\\/\",\"url\":\"https:\\\/\\\/www.trones.sk\\\/produkt\\\/rubin-109ct\\\/\",\"name\":\"Rub\u00edn 1,09ct - Trones\",\"isPartOf\":{\"@id\":\"https:\\\/\\\/www.trones.sk\\\/#website\"},\"primaryImageOfPage\":{\"@id\":\"https:\\\/\\\/www.trones.sk\\\/produkt\\\/rubin-109ct\\\/#primaryimage\"},\"image\":{\"@id\":\"https:\\\/\\\/www.trones.sk\\\/produkt\\\/rubin-109ct\\\/#primaryimage\"},\"thumbnailUrl\":\"https:\\\/\\\/www.trones.sk\\\/wp-content\\\/uploads\\\/2025\\\/12\\\/Ruby_Deep_Red_Cushion_1_090_ct_Trones_R400028_9.jpg\",\"datePublished\":\"2025-12-17T12:28:23+00:00\",\"dateModified\":\"2025-12-17T12:52:39+00:00\",\"breadcrumb\":{\"@id\":\"https:\\\/\\\/www.trones.sk\\\/produkt\\\/rubin-109ct\\\/#breadcrumb\"},\"inLanguage\":\"en-GB\",\"potentialAction\":[{\"@type\":\"ReadAction\",\"target\":[\"https:\\\/\\\/www.trones.sk\\\/produkt\\\/rubin-109ct\\\/\"]}]},{\"@type\":\"ImageObject\",\"inLanguage\":\"en-GB\",\"@id\":\"https:\\\/\\\/www.trones.sk\\\/produkt\\\/rubin-109ct\\\/#primaryimage\",\"url\":\"https:\\\/\\\/www.trones.sk\\\/wp-content\\\/uploads\\\/2025\\\/12\\\/Ruby_Deep_Red_Cushion_1_090_ct_Trones_R400028_9.jpg\",\"contentUrl\":\"https:\\\/\\\/www.trones.sk\\\/wp-content\\\/uploads\\\/2025\\\/12\\\/Ruby_Deep_Red_Cushion_1_090_ct_Trones_R400028_9.jpg\",\"width\":2400,\"height\":2400},{\"@type\":\"BreadcrumbList\",\"@id\":\"https:\\\/\\\/www.trones.sk\\\/produkt\\\/rubin-109ct\\\/#breadcrumb\",\"itemListElement\":[{\"@type\":\"ListItem\",\"position\":1,\"name\":\"Domovsk\u00e1 str\u00e1nka\",\"item\":\"https:\\\/\\\/www.trones.sk\\\/\"},{\"@type\":\"ListItem\",\"position\":2,\"name\":\"Obchod\",\"item\":\"https:\\\/\\\/www.trones.sk\\\/obchod\\\/\"},{\"@type\":\"ListItem\",\"position\":3,\"name\":\"Rub\u00edn 1,09ct\"}]},{\"@type\":\"WebSite\",\"@id\":\"https:\\\/\\\/www.trones.sk\\\/#website\",\"url\":\"https:\\\/\\\/www.trones.sk\\\/\",\"name\":\"Trones - Drahokamy bez kompromisov\",\"description\":\"Rozumieme drah\u00fdm kame\u0148om\",\"publisher\":{\"@id\":\"https:\\\/\\\/www.trones.sk\\\/#organization\"},\"potentialAction\":[{\"@type\":\"SearchAction\",\"target\":{\"@type\":\"EntryPoint\",\"urlTemplate\":\"https:\\\/\\\/www.trones.sk\\\/?s={search_term_string}\"},\"query-input\":{\"@type\":\"PropertyValueSpecification\",\"valueRequired\":true,\"valueName\":\"search_term_string\"}}],\"inLanguage\":\"en-GB\"},{\"@type\":\"Organization\",\"@id\":\"https:\\\/\\\/www.trones.sk\\\/#organization\",\"name\":\"Trones s.r.o.\",\"url\":\"https:\\\/\\\/www.trones.sk\\\/\",\"logo\":{\"@type\":\"ImageObject\",\"inLanguage\":\"en-GB\",\"@id\":\"https:\\\/\\\/www.trones.sk\\\/#\\\/schema\\\/logo\\\/image\\\/\",\"url\":\"https:\\\/\\\/www.trones.sk\\\/wp-content\\\/uploads\\\/2024\\\/09\\\/trones_logo_full.svg\",\"contentUrl\":\"https:\\\/\\\/www.trones.sk\\\/wp-content\\\/uploads\\\/2024\\\/09\\\/trones_logo_full.svg\",\"width\":1,\"height\":1,\"caption\":\"Trones s.r.o.\"},\"image\":{\"@id\":\"https:\\\/\\\/www.trones.sk\\\/#\\\/schema\\\/logo\\\/image\\\/\"},\"sameAs\":[\"https:\\\/\\\/www.facebook.com\\\/tronesdiamanty\",\"https:\\\/\\\/sk.pinterest.com\\\/trones2015\\\/\",\"https:\\\/\\\/www.instagram.com\\\/trones2015\\\/\"]}]}<\/script>\n<!-- \/ Yoast SEO plugin. -->","yoast_head_json":{"title":"Rub\u00edn 1,09ct - Trones","robots":{"index":"index","follow":"follow","max-snippet":"max-snippet:-1","max-image-preview":"max-image-preview:large","max-video-preview":"max-video-preview:-1"},"canonical":"https:\/\/www.trones.sk\/en\/product\/rubin-109ct\/","og_locale":"en_GB","og_type":"article","og_title":"Rub\u00edn 1,09ct - Trones","og_description":"Pr\u00edrodn\u00fd rub\u00edn, nezahrievan\u00fd!  \u0161pecifik\u00e1cia farby: Deep Red, fazetovan\u00fd  krajina p\u00f4vodu: Mozambik  certifik\u00e1t Bellerophon  identifika\u010dn\u00e9 \u010d\u00edslo certifik\u00e1tu: B34906  certifik\u00e1t: B34906.pdf","og_url":"https:\/\/www.trones.sk\/en\/product\/rubin-109ct\/","og_site_name":"Trones","article_publisher":"https:\/\/www.facebook.com\/tronesdiamanty","article_modified_time":"2025-12-17T12:52:39+00:00","og_image":[{"width":1024,"height":1024,"url":"https:\/\/www.trones.sk\/wp-content\/uploads\/2025\/12\/Ruby_Deep_Red_Cushion_1_090_ct_Trones_R400028_9-1024x1024.jpg","type":"image\/jpeg"}],"twitter_card":"summary_large_image","twitter_misc":{"Estimated reading time":"1 minute"},"schema":{"@context":"https:\/\/schema.org","@graph":[{"@type":"WebPage","@id":"https:\/\/www.trones.sk\/produkt\/rubin-109ct\/","url":"https:\/\/www.trones.sk\/produkt\/rubin-109ct\/","name":"Rub\u00edn 1,09ct - Trones","isPartOf":{"@id":"https:\/\/www.trones.sk\/#website"},"primaryImageOfPage":{"@id":"https:\/\/www.trones.sk\/produkt\/rubin-109ct\/#primaryimage"},"image":{"@id":"https:\/\/www.trones.sk\/produkt\/rubin-109ct\/#primaryimage"},"thumbnailUrl":"https:\/\/www.trones.sk\/wp-content\/uploads\/2025\/12\/Ruby_Deep_Red_Cushion_1_090_ct_Trones_R400028_9.jpg","datePublished":"2025-12-17T12:28:23+00:00","dateModified":"2025-12-17T12:52:39+00:00","breadcrumb":{"@id":"https:\/\/www.trones.sk\/produkt\/rubin-109ct\/#breadcrumb"},"inLanguage":"en-GB","potentialAction":[{"@type":"ReadAction","target":["https:\/\/www.trones.sk\/produkt\/rubin-109ct\/"]}]},{"@type":"ImageObject","inLanguage":"en-GB","@id":"https:\/\/www.trones.sk\/produkt\/rubin-109ct\/#primaryimage","url":"https:\/\/www.trones.sk\/wp-content\/uploads\/2025\/12\/Ruby_Deep_Red_Cushion_1_090_ct_Trones_R400028_9.jpg","contentUrl":"https:\/\/www.trones.sk\/wp-content\/uploads\/2025\/12\/Ruby_Deep_Red_Cushion_1_090_ct_Trones_R400028_9.jpg","width":2400,"height":2400},{"@type":"BreadcrumbList","@id":"https:\/\/www.trones.sk\/produkt\/rubin-109ct\/#breadcrumb","itemListElement":[{"@type":"ListItem","position":1,"name":"Domovsk\u00e1 str\u00e1nka","item":"https:\/\/www.trones.sk\/"},{"@type":"ListItem","position":2,"name":"Obchod","item":"https:\/\/www.trones.sk\/obchod\/"},{"@type":"ListItem","position":3,"name":"Rub\u00edn 1,09ct"}]},{"@type":"WebSite","@id":"https:\/\/www.trones.sk\/#website","url":"https:\/\/www.trones.sk\/","name":"Trones - Drahokamy bez kompromisov","description":"Rozumieme drah\u00fdm kame\u0148om","publisher":{"@id":"https:\/\/www.trones.sk\/#organization"},"potentialAction":[{"@type":"SearchAction","target":{"@type":"EntryPoint","urlTemplate":"https:\/\/www.trones.sk\/?s={search_term_string}"},"query-input":{"@type":"PropertyValueSpecification","valueRequired":true,"valueName":"search_term_string"}}],"inLanguage":"en-GB"},{"@type":"Organization","@id":"https:\/\/www.trones.sk\/#organization","name":"Trones s.r.o.","url":"https:\/\/www.trones.sk\/","logo":{"@type":"ImageObject","inLanguage":"en-GB","@id":"https:\/\/www.trones.sk\/#\/schema\/logo\/image\/","url":"https:\/\/www.trones.sk\/wp-content\/uploads\/2024\/09\/trones_logo_full.svg","contentUrl":"https:\/\/www.trones.sk\/wp-content\/uploads\/2024\/09\/trones_logo_full.svg","width":1,"height":1,"caption":"Trones s.r.o."},"image":{"@id":"https:\/\/www.trones.sk\/#\/schema\/logo\/image\/"},"sameAs":["https:\/\/www.facebook.com\/tronesdiamanty","https:\/\/sk.pinterest.com\/trones2015\/","https:\/\/www.instagram.com\/trones2015\/"]}]}},"_links":{"self":[{"href":"https:\/\/www.trones.sk\/en\/wp-json\/wp\/v2\/product\/7480","targetHints":{"allow":["GET"]}}],"collection":[{"href":"https:\/\/www.trones.sk\/en\/wp-json\/wp\/v2\/product"}],"about":[{"href":"https:\/\/www.trones.sk\/en\/wp-json\/wp\/v2\/types\/product"}],"wp:featuredmedia":[{"embeddable":true,"href":"https:\/\/www.trones.sk\/en\/wp-json\/wp\/v2\/media\/7487"}],"wp:attachment":[{"href":"https:\/\/www.trones.sk\/en\/wp-json\/wp\/v2\/media?parent=7480"}],"wp:term":[{"taxonomy":"product_brand","embeddable":true,"href":"https:\/\/www.trones.sk\/en\/wp-json\/wp\/v2\/product_brand?post=7480"},{"taxonomy":"product_cat","embeddable":true,"href":"https:\/\/www.trones.sk\/en\/wp-json\/wp\/v2\/product_cat?post=7480"},{"taxonomy":"product_tag","embeddable":true,"href":"https:\/\/www.trones.sk\/en\/wp-json\/wp\/v2\/product_tag?post=7480"}],"curies":[{"name":"wp","href":"https:\/\/api.w.org\/{rel}","templated":true}]}}