{"id":1306,"date":"2024-11-14T18:45:22","date_gmt":"2024-11-14T17:45:22","guid":{"rendered":"https:\/\/www.trones.sk\/?post_type=product&#038;p=1306"},"modified":"2025-02-05T11:02:06","modified_gmt":"2025-02-05T10:02:06","slug":"zafir-058ct","status":"publish","type":"product","link":"https:\/\/www.trones.sk\/en\/product\/zafir-058ct\/","title":{"rendered":"Zaf\u00edr 0,58ct"},"content":{"rendered":"","protected":false},"excerpt":{"rendered":"<p>Ru\u017eov\u00fd nezahrievan\u00fd zaf\u00edr vo v\u00fdbruse step cut, tvar modified trillion, certigik\u00e1t LGL.<\/p>","protected":false},"featured_media":1308,"template":"","meta":[],"product_brand":[],"product_cat":[15,64],"product_tag":[122,45,32,65],"class_list":{"0":"post-1306","1":"product","2":"type-product","3":"status-publish","4":"has-post-thumbnail","6":"product_cat-vsetky","7":"product_cat-zafir","8":"product_tag-0-31-az-0-50-ct","9":"product_tag-oval","10":"product_tag-ruzova","11":"product_tag-zafir","12":"pa_farba-ruzova","13":"pa_tvar-trilliant","15":"first","16":"instock","17":"taxable","18":"shipping-taxable","19":"purchasable","20":"product-type-simple"},"yoast_head":"<!-- This site is optimized with the Yoast SEO plugin v27.3 - https:\/\/yoast.com\/product\/yoast-seo-wordpress\/ -->\n<title>Zaf\u00edr 0,58ct - Trones<\/title>\n<meta name=\"robots\" content=\"index, follow, max-snippet:-1, max-image-preview:large, max-video-preview:-1\" \/>\n<link rel=\"canonical\" href=\"https:\/\/www.trones.sk\/en\/product\/zafir-058ct\/\" \/>\n<meta property=\"og:locale\" content=\"en_GB\" \/>\n<meta property=\"og:type\" content=\"article\" \/>\n<meta property=\"og:title\" content=\"Zaf\u00edr 0,58ct - Trones\" \/>\n<meta property=\"og:description\" content=\"Ru\u017eov\u00fd nezahrievan\u00fd zaf\u00edr vo v\u00fdbruse step cut, tvar modified trillion, certigik\u00e1t LGL.\" \/>\n<meta property=\"og:url\" content=\"https:\/\/www.trones.sk\/en\/product\/zafir-058ct\/\" \/>\n<meta property=\"og:site_name\" content=\"Trones\" \/>\n<meta property=\"article:publisher\" content=\"https:\/\/www.facebook.com\/tronesdiamanty\" \/>\n<meta property=\"article:modified_time\" content=\"2025-02-05T10:02:06+00:00\" \/>\n<meta property=\"og:image\" content=\"https:\/\/www.trones.sk\/wp-content\/uploads\/2024\/11\/Zafir_ruzovy_trilion_0_58_trones_300007_1.jpg\" \/>\n\t<meta property=\"og:image:width\" content=\"2160\" \/>\n\t<meta property=\"og:image:height\" content=\"2160\" \/>\n\t<meta property=\"og:image:type\" content=\"image\/jpeg\" \/>\n<meta name=\"twitter:card\" content=\"summary_large_image\" \/>\n<meta name=\"twitter:label1\" content=\"Estimated reading time\" \/>\n\t<meta name=\"twitter:data1\" content=\"1 minute\" \/>\n<script type=\"application\/ld+json\" class=\"yoast-schema-graph\">{\"@context\":\"https:\\\/\\\/schema.org\",\"@graph\":[{\"@type\":\"WebPage\",\"@id\":\"https:\\\/\\\/www.trones.sk\\\/produkt\\\/zafir-058ct\\\/\",\"url\":\"https:\\\/\\\/www.trones.sk\\\/produkt\\\/zafir-058ct\\\/\",\"name\":\"Zaf\u00edr 0,58ct - Trones\",\"isPartOf\":{\"@id\":\"https:\\\/\\\/www.trones.sk\\\/#website\"},\"primaryImageOfPage\":{\"@id\":\"https:\\\/\\\/www.trones.sk\\\/produkt\\\/zafir-058ct\\\/#primaryimage\"},\"image\":{\"@id\":\"https:\\\/\\\/www.trones.sk\\\/produkt\\\/zafir-058ct\\\/#primaryimage\"},\"thumbnailUrl\":\"https:\\\/\\\/www.trones.sk\\\/wp-content\\\/uploads\\\/2024\\\/11\\\/Zafir_ruzovy_trilion_0_58_trones_300007_1.jpg\",\"datePublished\":\"2024-11-14T17:45:22+00:00\",\"dateModified\":\"2025-02-05T10:02:06+00:00\",\"breadcrumb\":{\"@id\":\"https:\\\/\\\/www.trones.sk\\\/produkt\\\/zafir-058ct\\\/#breadcrumb\"},\"inLanguage\":\"en-GB\",\"potentialAction\":[{\"@type\":\"ReadAction\",\"target\":[\"https:\\\/\\\/www.trones.sk\\\/produkt\\\/zafir-058ct\\\/\"]}]},{\"@type\":\"ImageObject\",\"inLanguage\":\"en-GB\",\"@id\":\"https:\\\/\\\/www.trones.sk\\\/produkt\\\/zafir-058ct\\\/#primaryimage\",\"url\":\"https:\\\/\\\/www.trones.sk\\\/wp-content\\\/uploads\\\/2024\\\/11\\\/Zafir_ruzovy_trilion_0_58_trones_300007_1.jpg\",\"contentUrl\":\"https:\\\/\\\/www.trones.sk\\\/wp-content\\\/uploads\\\/2024\\\/11\\\/Zafir_ruzovy_trilion_0_58_trones_300007_1.jpg\",\"width\":2160,\"height\":2160},{\"@type\":\"BreadcrumbList\",\"@id\":\"https:\\\/\\\/www.trones.sk\\\/produkt\\\/zafir-058ct\\\/#breadcrumb\",\"itemListElement\":[{\"@type\":\"ListItem\",\"position\":1,\"name\":\"Domovsk\u00e1 str\u00e1nka\",\"item\":\"https:\\\/\\\/www.trones.sk\\\/\"},{\"@type\":\"ListItem\",\"position\":2,\"name\":\"Obchod\",\"item\":\"https:\\\/\\\/www.trones.sk\\\/obchod\\\/\"},{\"@type\":\"ListItem\",\"position\":3,\"name\":\"Zaf\u00edr 0,58ct\"}]},{\"@type\":\"WebSite\",\"@id\":\"https:\\\/\\\/www.trones.sk\\\/#website\",\"url\":\"https:\\\/\\\/www.trones.sk\\\/\",\"name\":\"Trones - Drahokamy bez kompromisov\",\"description\":\"Rozumieme drah\u00fdm kame\u0148om\",\"publisher\":{\"@id\":\"https:\\\/\\\/www.trones.sk\\\/#organization\"},\"potentialAction\":[{\"@type\":\"SearchAction\",\"target\":{\"@type\":\"EntryPoint\",\"urlTemplate\":\"https:\\\/\\\/www.trones.sk\\\/?s={search_term_string}\"},\"query-input\":{\"@type\":\"PropertyValueSpecification\",\"valueRequired\":true,\"valueName\":\"search_term_string\"}}],\"inLanguage\":\"en-GB\"},{\"@type\":\"Organization\",\"@id\":\"https:\\\/\\\/www.trones.sk\\\/#organization\",\"name\":\"Trones s.r.o.\",\"url\":\"https:\\\/\\\/www.trones.sk\\\/\",\"logo\":{\"@type\":\"ImageObject\",\"inLanguage\":\"en-GB\",\"@id\":\"https:\\\/\\\/www.trones.sk\\\/#\\\/schema\\\/logo\\\/image\\\/\",\"url\":\"https:\\\/\\\/www.trones.sk\\\/wp-content\\\/uploads\\\/2024\\\/09\\\/trones_logo_full.svg\",\"contentUrl\":\"https:\\\/\\\/www.trones.sk\\\/wp-content\\\/uploads\\\/2024\\\/09\\\/trones_logo_full.svg\",\"width\":1,\"height\":1,\"caption\":\"Trones s.r.o.\"},\"image\":{\"@id\":\"https:\\\/\\\/www.trones.sk\\\/#\\\/schema\\\/logo\\\/image\\\/\"},\"sameAs\":[\"https:\\\/\\\/www.facebook.com\\\/tronesdiamanty\",\"https:\\\/\\\/sk.pinterest.com\\\/trones2015\\\/\",\"https:\\\/\\\/www.instagram.com\\\/trones2015\\\/\"]}]}<\/script>\n<!-- \/ Yoast SEO plugin. -->","yoast_head_json":{"title":"Zaf\u00edr 0,58ct - Trones","robots":{"index":"index","follow":"follow","max-snippet":"max-snippet:-1","max-image-preview":"max-image-preview:large","max-video-preview":"max-video-preview:-1"},"canonical":"https:\/\/www.trones.sk\/en\/product\/zafir-058ct\/","og_locale":"en_GB","og_type":"article","og_title":"Zaf\u00edr 0,58ct - Trones","og_description":"Ru\u017eov\u00fd nezahrievan\u00fd zaf\u00edr vo v\u00fdbruse step cut, tvar modified trillion, certigik\u00e1t LGL.","og_url":"https:\/\/www.trones.sk\/en\/product\/zafir-058ct\/","og_site_name":"Trones","article_publisher":"https:\/\/www.facebook.com\/tronesdiamanty","article_modified_time":"2025-02-05T10:02:06+00:00","og_image":[{"width":2160,"height":2160,"url":"https:\/\/www.trones.sk\/wp-content\/uploads\/2024\/11\/Zafir_ruzovy_trilion_0_58_trones_300007_1.jpg","type":"image\/jpeg"}],"twitter_card":"summary_large_image","twitter_misc":{"Estimated reading time":"1 minute"},"schema":{"@context":"https:\/\/schema.org","@graph":[{"@type":"WebPage","@id":"https:\/\/www.trones.sk\/produkt\/zafir-058ct\/","url":"https:\/\/www.trones.sk\/produkt\/zafir-058ct\/","name":"Zaf\u00edr 0,58ct - Trones","isPartOf":{"@id":"https:\/\/www.trones.sk\/#website"},"primaryImageOfPage":{"@id":"https:\/\/www.trones.sk\/produkt\/zafir-058ct\/#primaryimage"},"image":{"@id":"https:\/\/www.trones.sk\/produkt\/zafir-058ct\/#primaryimage"},"thumbnailUrl":"https:\/\/www.trones.sk\/wp-content\/uploads\/2024\/11\/Zafir_ruzovy_trilion_0_58_trones_300007_1.jpg","datePublished":"2024-11-14T17:45:22+00:00","dateModified":"2025-02-05T10:02:06+00:00","breadcrumb":{"@id":"https:\/\/www.trones.sk\/produkt\/zafir-058ct\/#breadcrumb"},"inLanguage":"en-GB","potentialAction":[{"@type":"ReadAction","target":["https:\/\/www.trones.sk\/produkt\/zafir-058ct\/"]}]},{"@type":"ImageObject","inLanguage":"en-GB","@id":"https:\/\/www.trones.sk\/produkt\/zafir-058ct\/#primaryimage","url":"https:\/\/www.trones.sk\/wp-content\/uploads\/2024\/11\/Zafir_ruzovy_trilion_0_58_trones_300007_1.jpg","contentUrl":"https:\/\/www.trones.sk\/wp-content\/uploads\/2024\/11\/Zafir_ruzovy_trilion_0_58_trones_300007_1.jpg","width":2160,"height":2160},{"@type":"BreadcrumbList","@id":"https:\/\/www.trones.sk\/produkt\/zafir-058ct\/#breadcrumb","itemListElement":[{"@type":"ListItem","position":1,"name":"Domovsk\u00e1 str\u00e1nka","item":"https:\/\/www.trones.sk\/"},{"@type":"ListItem","position":2,"name":"Obchod","item":"https:\/\/www.trones.sk\/obchod\/"},{"@type":"ListItem","position":3,"name":"Zaf\u00edr 0,58ct"}]},{"@type":"WebSite","@id":"https:\/\/www.trones.sk\/#website","url":"https:\/\/www.trones.sk\/","name":"Trones - Drahokamy bez kompromisov","description":"Rozumieme drah\u00fdm kame\u0148om","publisher":{"@id":"https:\/\/www.trones.sk\/#organization"},"potentialAction":[{"@type":"SearchAction","target":{"@type":"EntryPoint","urlTemplate":"https:\/\/www.trones.sk\/?s={search_term_string}"},"query-input":{"@type":"PropertyValueSpecification","valueRequired":true,"valueName":"search_term_string"}}],"inLanguage":"en-GB"},{"@type":"Organization","@id":"https:\/\/www.trones.sk\/#organization","name":"Trones s.r.o.","url":"https:\/\/www.trones.sk\/","logo":{"@type":"ImageObject","inLanguage":"en-GB","@id":"https:\/\/www.trones.sk\/#\/schema\/logo\/image\/","url":"https:\/\/www.trones.sk\/wp-content\/uploads\/2024\/09\/trones_logo_full.svg","contentUrl":"https:\/\/www.trones.sk\/wp-content\/uploads\/2024\/09\/trones_logo_full.svg","width":1,"height":1,"caption":"Trones s.r.o."},"image":{"@id":"https:\/\/www.trones.sk\/#\/schema\/logo\/image\/"},"sameAs":["https:\/\/www.facebook.com\/tronesdiamanty","https:\/\/sk.pinterest.com\/trones2015\/","https:\/\/www.instagram.com\/trones2015\/"]}]}},"_links":{"self":[{"href":"https:\/\/www.trones.sk\/en\/wp-json\/wp\/v2\/product\/1306","targetHints":{"allow":["GET"]}}],"collection":[{"href":"https:\/\/www.trones.sk\/en\/wp-json\/wp\/v2\/product"}],"about":[{"href":"https:\/\/www.trones.sk\/en\/wp-json\/wp\/v2\/types\/product"}],"wp:featuredmedia":[{"embeddable":true,"href":"https:\/\/www.trones.sk\/en\/wp-json\/wp\/v2\/media\/1308"}],"wp:attachment":[{"href":"https:\/\/www.trones.sk\/en\/wp-json\/wp\/v2\/media?parent=1306"}],"wp:term":[{"taxonomy":"product_brand","embeddable":true,"href":"https:\/\/www.trones.sk\/en\/wp-json\/wp\/v2\/product_brand?post=1306"},{"taxonomy":"product_cat","embeddable":true,"href":"https:\/\/www.trones.sk\/en\/wp-json\/wp\/v2\/product_cat?post=1306"},{"taxonomy":"product_tag","embeddable":true,"href":"https:\/\/www.trones.sk\/en\/wp-json\/wp\/v2\/product_tag?post=1306"}],"curies":[{"name":"wp","href":"https:\/\/api.w.org\/{rel}","templated":true}]}}