{"id":1729,"date":"2024-11-25T12:15:09","date_gmt":"2024-11-25T11:15:09","guid":{"rendered":"https:\/\/www.trones.sk\/?page_id=1729"},"modified":"2024-11-25T12:15:09","modified_gmt":"2024-11-25T11:15:09","slug":"cookies","status":"publish","type":"page","link":"https:\/\/www.trones.sk\/en\/cookies\/","title":{"rendered":"Cookies"},"content":{"rendered":"<div id=\"fws_69f60466eb611\"  data-column-margin=\"default\" data-midnight=\"dark\"  class=\"wpb_row vc_row-fluid vc_row full-width-section\"  style=\"padding-top: 50px; padding-bottom: 0px; \"><div class=\"row-bg-wrap\" data-bg-animation=\"none\" data-bg-animation-delay=\"\" data-bg-overlay=\"false\"><div class=\"inner-wrap row-bg-layer\" ><div class=\"row-bg viewport-desktop\"  style=\"\"><\/div><\/div><\/div><div class=\"row_col_wrap_12 col span_12 dark left\">\n\t<div  class=\"vc_col-sm-12 wpb_column column_container vc_column_container col no-extra-padding inherit_tablet inherit_phone\"  data-padding-pos=\"all\" data-has-bg-color=\"false\" data-bg-color=\"\" data-bg-opacity=\"1\" data-animation=\"\" data-delay=\"0\" >\n\t\t<div class=\"vc_column-inner\" >\n\t\t\t<div class=\"wpb_wrapper\">\n\t\t\t\t\n<div class=\"wpb_text_column wpb_content_element\" >\n\t<h1 style=\"text-align: center;\">Z\u00e1sady pou\u017e\u00edvania s\u00faborov cookies<\/h1>\n<\/div>\n\n\n\n\n<div class=\"wpb_text_column wpb_content_element\" >\n\t<p><span style=\"font-weight: 400;\">Prev\u00e1dzkovate\u013e (spr\u00e1vca) Va\u0161ich osobn\u00fdch \u00fadajov pod\u013ea \u010dl\u00e1nku 4 bod 7. Nariadenia Eur\u00f3pskeho parlamentu a\u00a0rady (E\u00da) 2016\/679 o\u00a0ochrane fyzick\u00fdch os\u00f4b v\u00a0s\u00favislosti so spracovan\u00edm osobn\u00fdch \u00fadajov a\u00a0o\u00a0vo\u013enom pohybe tak\u00fdchto \u00fadajov (\u010falej len GDPR) je prev\u00e1dzkovate\u013e:<\/span><b> RikiRiki s.r.o., Nitrianska 1295\/59, 951 31 Mo\u010denok, I\u010cO: 52950247<\/b><\/p>\n<\/div>\n\n\n\n\n\t\t\t<\/div> \n\t\t<\/div>\n\t<\/div> \n<\/div><\/div>\n\t\t<div id=\"fws_69f60466ebd90\"  data-column-margin=\"default\" data-midnight=\"dark\"  class=\"wpb_row vc_row-fluid vc_row\"  style=\"padding-top: 50px; padding-bottom: 50px; \"><div class=\"row-bg-wrap\" data-bg-animation=\"none\" data-bg-animation-delay=\"\" data-bg-overlay=\"false\"><div class=\"inner-wrap row-bg-layer\" ><div class=\"row-bg viewport-desktop\"  style=\"\"><\/div><\/div><\/div><div class=\"row_col_wrap_12 col span_12 dark left\">\n\t<div  class=\"vc_col-sm-12 wpb_column column_container vc_column_container col no-extra-padding inherit_tablet inherit_phone\"  data-padding-pos=\"all\" data-has-bg-color=\"false\" data-bg-color=\"\" data-bg-opacity=\"1\" data-animation=\"\" data-delay=\"0\" >\n\t\t<div class=\"vc_column-inner\" >\n\t\t\t<div class=\"wpb_wrapper\">\n\t\t\t\t\n<div class=\"wpb_text_column wpb_content_element\" >\n\t<h2>\u010co s\u00fa s\u00fabory cookies?<\/h2>\n<p><span style=\"font-weight: 400;\">Ako je be\u017enou praxou na takmer v\u0161etk\u00fdch profesion\u00e1lnych webov\u00fdch lokalit\u00e1ch, t\u00e1to lokalita pou\u017e\u00edva s\u00fabory cookies, \u010do s\u00fa mal\u00e9 s\u00fabory s\u0165ahovan\u00e9 do v\u00e1\u0161ho po\u010d\u00edta\u010da za \u00fa\u010delom zlep\u0161enia poskytovan\u00fdch slu\u017eieb. T\u00e1to str\u00e1nka popisuje ak\u00e9 inform\u00e1cie zbierame, ako ich vyu\u017e\u00edvame a pre\u010do ob\u010das mus\u00edme tieto s\u00fabory uklada\u0165. Tie\u017e poskytneme inform\u00e1cie o tom, ako m\u00f4\u017eete pred\u00eds\u0165 ukladaniu s\u00faborov cookies, \u010do v\u0161ak m\u00f4\u017ee zhor\u0161i\u0165 alebo &#8222;pokazi\u0165&#8220; ur\u010dit\u00e9 prvky funkcionality tejto webovej lokality. \u010eal\u0161ie v\u0161eobecn\u00e9 inform\u00e1cie o cookies n\u00e1jdete na Wikip\u00e9dii v \u010dl\u00e1nku o HTTP cookies.\u00a0<\/span><\/p>\n<\/div>\n\n\n\n\n\t\t\t<\/div> \n\t\t<\/div>\n\t<\/div> \n<\/div><\/div>\n\t\t<div id=\"fws_69f60466ec0b3\"  data-column-margin=\"default\" data-midnight=\"dark\"  class=\"wpb_row vc_row-fluid vc_row\"  style=\"padding-top: 50px; padding-bottom: 50px; \"><div class=\"row-bg-wrap\" data-bg-animation=\"none\" data-bg-animation-delay=\"\" data-bg-overlay=\"false\"><div class=\"inner-wrap row-bg-layer\" ><div class=\"row-bg viewport-desktop\"  style=\"\"><\/div><\/div><\/div><div class=\"row_col_wrap_12 col span_12 dark left\">\n\t<div  class=\"vc_col-sm-12 wpb_column column_container vc_column_container col no-extra-padding inherit_tablet inherit_phone\"  data-padding-pos=\"all\" data-has-bg-color=\"false\" data-bg-color=\"\" data-bg-opacity=\"1\" data-animation=\"\" data-delay=\"0\" >\n\t\t<div class=\"vc_column-inner\" >\n\t\t\t<div class=\"wpb_wrapper\">\n\t\t\t\t\n<div class=\"wpb_text_column wpb_content_element\" >\n\t<h2>Ako pou\u017e\u00edvame s\u00fabory cookies<\/h2>\n<p>S\u00fabory cookies pou\u017e\u00edvame z r\u00f4znych d\u00f4vodov, ktor\u00e9 s\u00fa uveden\u00e9 ni\u017e\u0161ie. Vo v\u00e4\u010d\u0161ine pr\u00edpadov bohu\u017eia\u013e neexistuj\u00fa \u0161tandardizovan\u00e9 mo\u017enosti ako zak\u00e1za\u0165 s\u00fabory cookies bez toho, aby \u00faplne zablokovali funkcionalitu a vlastnosti, ktor\u00e9 tejto lokalite poskytuj\u00fa. Odpor\u00fa\u010da sa, aby ste v\u0161etky s\u00fabory cookies nechali povolen\u00e9, ak si nie ste ist\u00ed, \u010di ich potrebujete alebo nie, pre pr\u00edpad \u017ee sa pou\u017e\u00edvaj\u00fa na poskytovanie slu\u017eby, ktor\u00fa vyu\u017e\u00edvate.<\/p>\n<\/div>\n\n\n\n\n\t\t\t<\/div> \n\t\t<\/div>\n\t<\/div> \n<\/div><\/div>\n\t\t<div id=\"fws_69f60466ec3c1\"  data-column-margin=\"default\" data-midnight=\"dark\"  class=\"wpb_row vc_row-fluid vc_row\"  style=\"padding-top: 50px; padding-bottom: 50px; \"><div class=\"row-bg-wrap\" data-bg-animation=\"none\" data-bg-animation-delay=\"\" data-bg-overlay=\"false\"><div class=\"inner-wrap row-bg-layer\" ><div class=\"row-bg viewport-desktop\"  style=\"\"><\/div><\/div><\/div><div class=\"row_col_wrap_12 col span_12 dark left\">\n\t<div  class=\"vc_col-sm-12 wpb_column column_container vc_column_container col no-extra-padding inherit_tablet inherit_phone\"  data-padding-pos=\"all\" data-has-bg-color=\"false\" data-bg-color=\"\" data-bg-opacity=\"1\" data-animation=\"\" data-delay=\"0\" >\n\t\t<div class=\"vc_column-inner\" >\n\t\t\t<div class=\"wpb_wrapper\">\n\t\t\t\t\n<div class=\"wpb_text_column wpb_content_element\" >\n\t<h2>Zak\u00e1zanie s\u00faborov cookies<\/h2>\n<p>Nastaveniu s\u00faborov cookies m\u00f4\u017eete zabr\u00e1ni\u0165 tak, \u017ee uprav\u00edte nastavenia vo va\u0161om prehliada\u010di (prezrite si \u010das\u0165 Pomoc vo va\u0161om prehliada\u010di, ak chcete zisti\u0165 ako to urobi\u0165). Berte na vedomie, \u017ee zak\u00e1zanie s\u00faborov cookies bude ma\u0165 vplyv na funk\u010dnos\u0165 tejto a mnoh\u00fdch in\u00fdch webov\u00fdch lokal\u00edt ktor\u00e9 nav\u0161t\u00edvite. Zak\u00e1zanie s\u00faborov cookies m\u00e1 obvykle za n\u00e1sledok aj zak\u00e1zanie ur\u010dit\u00fdch funkcii a vlastnost\u00ed tejto lokality. Preto sa odpor\u00fa\u010da aby ste s\u00fabory cookies nezakazovali.<\/p>\n<\/div>\n\n\n\n\n\t\t\t<\/div> \n\t\t<\/div>\n\t<\/div> \n<\/div><\/div>\n\t\t<div id=\"fws_69f60466ec69a\"  data-column-margin=\"default\" data-midnight=\"dark\"  class=\"wpb_row vc_row-fluid vc_row\"  style=\"padding-top: 50px; padding-bottom: 50px; \"><div class=\"row-bg-wrap\" data-bg-animation=\"none\" data-bg-animation-delay=\"\" data-bg-overlay=\"false\"><div class=\"inner-wrap row-bg-layer\" ><div class=\"row-bg viewport-desktop\"  style=\"\"><\/div><\/div><\/div><div class=\"row_col_wrap_12 col span_12 dark left\">\n\t<div  class=\"vc_col-sm-12 wpb_column column_container vc_column_container col no-extra-padding inherit_tablet inherit_phone\"  data-padding-pos=\"all\" data-has-bg-color=\"false\" data-bg-color=\"\" data-bg-opacity=\"1\" data-animation=\"\" data-delay=\"0\" >\n\t\t<div class=\"vc_column-inner\" >\n\t\t\t<div class=\"wpb_wrapper\">\n\t\t\t\t\n<div class=\"wpb_text_column wpb_content_element\" >\n\t<h2>S\u00fabory cookies, ktor\u00e9 nastavujeme<\/h2>\n<p>Ke\u010f zad\u00e1te \u00fadaje prostredn\u00edctvom formul\u00e1rov, napr\u00edklad t\u00fdch, ktor\u00e9 n\u00e1jdete na kontaktn\u00fdch str\u00e1nkach alebo formul\u00e1roch koment\u00e1rov, s\u00fabory cookies m\u00f4\u017eu by\u0165 nastaven\u00e9 tak, aby si zapam\u00e4tali inform\u00e1cie o u\u017e\u00edvate\u013eovi pre bud\u00facu kore\u0161pondenciu.<\/p>\n<\/div>\n\n\n\n\n\t\t\t<\/div> \n\t\t<\/div>\n\t<\/div> \n<\/div><\/div>\n\t\t<div id=\"fws_69f60466ec9a0\"  data-column-margin=\"default\" data-midnight=\"dark\"  class=\"wpb_row vc_row-fluid vc_row\"  style=\"padding-top: 50px; padding-bottom: 50px; \"><div class=\"row-bg-wrap\" data-bg-animation=\"none\" data-bg-animation-delay=\"\" data-bg-overlay=\"false\"><div class=\"inner-wrap row-bg-layer\" ><div class=\"row-bg viewport-desktop\"  style=\"\"><\/div><\/div><\/div><div class=\"row_col_wrap_12 col span_12 dark left\">\n\t<div  class=\"vc_col-sm-12 wpb_column column_container vc_column_container col no-extra-padding inherit_tablet inherit_phone\"  data-padding-pos=\"all\" data-has-bg-color=\"false\" data-bg-color=\"\" data-bg-opacity=\"1\" data-animation=\"\" data-delay=\"0\" >\n\t\t<div class=\"vc_column-inner\" >\n\t\t\t<div class=\"wpb_wrapper\">\n\t\t\t\t\n<div class=\"wpb_text_column wpb_content_element\" >\n\t<h2>S\u00fabory cookies tret\u00edch str\u00e1n<\/h2>\n<p>V ist\u00fdch \u0161peci\u00e1lnych pr\u00edpadoch pou\u017e\u00edvame aj s\u00fabory cookies, ktor\u00e9 s\u00fa poskytovan\u00e9 d\u00f4veryhodn\u00fdmi tret\u00edmi stranami. Nasleduj\u00faca \u010das\u0165 popisuje, na ktor\u00e9 s\u00fabory cookies m\u00f4\u017eete narazi\u0165 cez t\u00fato lokalitu. T\u00e1to lokalita vyu\u017e\u00edva slu\u017ebu Google Analytics, ktor\u00e1 predstavuje jedno z najroz\u0161\u00edrenej\u0161\u00edch webov\u00fdch rie\u0161en\u00ed na identifik\u00e1ciu toho, ako lokalitu pou\u017e\u00edvate a sp\u00f4sobov, ako m\u00f4\u017eeme v\u00e1\u0161 z\u00e1\u017eitok zlep\u0161i\u0165. Tieto s\u00fabory cookies m\u00f4\u017eu sledova\u0165 napr\u00edklad to, ak\u00fd dlh\u00fd \u010das na lokalite tr\u00e1vite a ak\u00e9 str\u00e1nky nav\u0161tevujete, aby sme v\u00e1m aj na\u010falej mohli pon\u00faka\u0165 zauj\u00edmav\u00fd obsah. Pre viac inform\u00e1ci\u00ed o s\u00faboroch cookies Google Analytics nav\u0161t\u00edvte ofici\u00e1lnu str\u00e1nku Google Analytics. Anal\u00fdza tret\u00edmi stranami sa pou\u017e\u00edva na sledovanie a meranie pou\u017e\u00edvania tejto lokality, aby sme v\u00e1m aj na\u010falej mohli pon\u00faka\u0165 zauj\u00edmav\u00fd obsah. Tieto s\u00fabory cookies m\u00f4\u017eu sledova\u0165 napr\u00edklad to, ak\u00fd dlh\u00fd \u010das na lokalite tr\u00e1vite a ak\u00e9 str\u00e1nky nav\u0161tevujete, \u010do n\u00e1m pom\u00e1ha zis\u0165ova\u0165, ako by sme pre v\u00e1s mohli lokalitu vylep\u0161i\u0165. V niektor\u00fdch pr\u00edpadoch v\u00e1m m\u00f4\u017eeme poskytova\u0165 obsah prisp\u00f4soben\u00fd na z\u00e1klade toho, \u010do ste n\u00e1m o sebe povedali bu\u010f priamo, alebo nepriamo prostredn\u00edctvom prepojenia na \u00fa\u010det soci\u00e1lnych m\u00e9di\u00ed. Tieto typy s\u00faborov cookies n\u00e1m jednoducho umo\u017e\u0148uj\u00fa poskytova\u0165 v\u00e1m obsah, ktor\u00fd by v\u00e1s mohol zauj\u00edma\u0165. Taktie\u017e pou\u017e\u00edvame tla\u010didl\u00e1 a\/alebo doplnky soci\u00e1lnych m\u00e9di\u00ed, ktor\u00e9 v\u00e1m umo\u017enia prepoji\u0165 sa r\u00f4znymi sp\u00f4sobmi s va\u0161ou soci\u00e1lnou sie\u0165ou. Na to, aby tieto tla\u010didl\u00e1 a doplnky fungovali, v\u00e1m nasledovn\u00e9 soci\u00e1lne m\u00e9di\u00e1 vr\u00e1tane: Facebook, Youtube, Pinterest, Instagram nastavia s\u00fabory cookies cez na\u0161u webov\u00fa lokalitu, ktor\u00e1 sa m\u00f4\u017ee pou\u017ei\u0165 na roz\u0161\u00edrenie v\u00e1\u0161ho profilu na ich webovej lokalite alebo na poskytovanie \u00fadajov, ktor\u00e9 dr\u017eia na r\u00f4zne \u00fa\u010dely uveden\u00e9 v ich z\u00e1sad\u00e1ch pou\u017e\u00edvania osobn\u00fdch \u00fadajov.<\/p>\n<\/div>\n\n\n\n\n\t\t\t<\/div> \n\t\t<\/div>\n\t<\/div> \n<\/div><\/div>\n\t\t<div id=\"fws_69f60466eccc7\"  data-column-margin=\"default\" data-midnight=\"dark\"  class=\"wpb_row vc_row-fluid vc_row\"  style=\"padding-top: 50px; padding-bottom: 50px; \"><div class=\"row-bg-wrap\" data-bg-animation=\"none\" data-bg-animation-delay=\"\" data-bg-overlay=\"false\"><div class=\"inner-wrap row-bg-layer\" ><div class=\"row-bg viewport-desktop\"  style=\"\"><\/div><\/div><\/div><div class=\"row_col_wrap_12 col span_12 dark left\">\n\t<div  class=\"vc_col-sm-12 wpb_column column_container vc_column_container col no-extra-padding inherit_tablet inherit_phone\"  data-padding-pos=\"all\" data-has-bg-color=\"false\" data-bg-color=\"\" data-bg-opacity=\"1\" data-animation=\"\" data-delay=\"0\" >\n\t\t<div class=\"vc_column-inner\" >\n\t\t\t<div class=\"wpb_wrapper\">\n\t\t\t\t\n<div class=\"wpb_text_column wpb_content_element\" >\n\t<h2>Viac inform\u00e1ci\u00ed<\/h2>\n<p>D\u00fafame, \u017ee sa t\u00fdm pre v\u00e1s veci vyjasnili, a ako u\u017e bolo spomenut\u00e9, ak existuje nie\u010do, pri \u010dom si nie ste ist\u00ed, \u010di to potrebujete alebo nie, je zvy\u010dajne bezpe\u010dnej\u0161ie necha\u0165 s\u00fabory cookies povolen\u00e9 pre pr\u00edpad, \u017ee by komunikovali s niektorou funkciou na\u0161ej webovej lokality. Ak m\u00e1te st\u00e1le z\u00e1ujem o viac inform\u00e1ci\u00ed, m\u00f4\u017eete n\u00e1s kontaktova\u0165 prostredn\u00edctvom niektor\u00e9ho z nami preferovan\u00fdch sp\u00f4sobov.<\/p>\n<\/div>\n\n\n\n\n\t\t\t<\/div> \n\t\t<\/div>\n\t<\/div> \n<\/div><\/div>","protected":false},"excerpt":{"rendered":"Z\u00e1sady pou\u017e\u00edvania s\u00faborov cookies Prev\u00e1dzkovate\u013e (spr\u00e1vca) Va\u0161ich osobn\u00fdch \u00fadajov pod\u013ea \u010dl\u00e1nku 4 bod 7. Nariadenia Eur\u00f3pskeho parlamentu a\u00a0rady (E\u00da) 2016\/679 o\u00a0ochrane fyzick\u00fdch os\u00f4b v\u00a0s\u00favislosti so spracovan\u00edm osobn\u00fdch \u00fadajov a\u00a0o\u00a0vo\u013enom pohybe...","protected":false},"author":1,"featured_media":0,"parent":0,"menu_order":0,"comment_status":"closed","ping_status":"closed","template":"","meta":{"footnotes":""},"class_list":["post-1729","page","type-page","status-publish"],"yoast_head":"<!-- This site is optimized with the Yoast SEO plugin v27.3 - https:\/\/yoast.com\/product\/yoast-seo-wordpress\/ -->\n<title>Cookies - Trones<\/title>\n<meta name=\"robots\" content=\"index, follow, max-snippet:-1, max-image-preview:large, max-video-preview:-1\" \/>\n<link rel=\"canonical\" href=\"https:\/\/www.trones.sk\/en\/cookies\/\" \/>\n<meta property=\"og:locale\" content=\"en_GB\" \/>\n<meta property=\"og:type\" content=\"article\" \/>\n<meta property=\"og:title\" content=\"Cookies - Trones\" \/>\n<meta property=\"og:url\" content=\"https:\/\/www.trones.sk\/en\/cookies\/\" \/>\n<meta property=\"og:site_name\" content=\"Trones\" \/>\n<meta property=\"article:publisher\" content=\"https:\/\/www.facebook.com\/tronesdiamanty\" \/>\n<meta name=\"twitter:card\" content=\"summary_large_image\" \/>\n<meta name=\"twitter:label1\" content=\"Estimated reading time\" \/>\n\t<meta name=\"twitter:data1\" content=\"9 minutes\" \/>\n<script type=\"application\/ld+json\" class=\"yoast-schema-graph\">{\"@context\":\"https:\\\/\\\/schema.org\",\"@graph\":[{\"@type\":\"WebPage\",\"@id\":\"https:\\\/\\\/www.trones.sk\\\/cookies\\\/\",\"url\":\"https:\\\/\\\/www.trones.sk\\\/cookies\\\/\",\"name\":\"Cookies - Trones\",\"isPartOf\":{\"@id\":\"https:\\\/\\\/www.trones.sk\\\/#website\"},\"datePublished\":\"2024-11-25T11:15:09+00:00\",\"breadcrumb\":{\"@id\":\"https:\\\/\\\/www.trones.sk\\\/cookies\\\/#breadcrumb\"},\"inLanguage\":\"en-GB\",\"potentialAction\":[{\"@type\":\"ReadAction\",\"target\":[\"https:\\\/\\\/www.trones.sk\\\/cookies\\\/\"]}]},{\"@type\":\"BreadcrumbList\",\"@id\":\"https:\\\/\\\/www.trones.sk\\\/cookies\\\/#breadcrumb\",\"itemListElement\":[{\"@type\":\"ListItem\",\"position\":1,\"name\":\"Domovsk\u00e1 str\u00e1nka\",\"item\":\"https:\\\/\\\/www.trones.sk\\\/\"},{\"@type\":\"ListItem\",\"position\":2,\"name\":\"Cookies\"}]},{\"@type\":\"WebSite\",\"@id\":\"https:\\\/\\\/www.trones.sk\\\/#website\",\"url\":\"https:\\\/\\\/www.trones.sk\\\/\",\"name\":\"Trones - Drahokamy bez kompromisov\",\"description\":\"Rozumieme drah\u00fdm kame\u0148om\",\"publisher\":{\"@id\":\"https:\\\/\\\/www.trones.sk\\\/#organization\"},\"potentialAction\":[{\"@type\":\"SearchAction\",\"target\":{\"@type\":\"EntryPoint\",\"urlTemplate\":\"https:\\\/\\\/www.trones.sk\\\/?s={search_term_string}\"},\"query-input\":{\"@type\":\"PropertyValueSpecification\",\"valueRequired\":true,\"valueName\":\"search_term_string\"}}],\"inLanguage\":\"en-GB\"},{\"@type\":\"Organization\",\"@id\":\"https:\\\/\\\/www.trones.sk\\\/#organization\",\"name\":\"Trones s.r.o.\",\"url\":\"https:\\\/\\\/www.trones.sk\\\/\",\"logo\":{\"@type\":\"ImageObject\",\"inLanguage\":\"en-GB\",\"@id\":\"https:\\\/\\\/www.trones.sk\\\/#\\\/schema\\\/logo\\\/image\\\/\",\"url\":\"https:\\\/\\\/www.trones.sk\\\/wp-content\\\/uploads\\\/2024\\\/09\\\/trones_logo_full.svg\",\"contentUrl\":\"https:\\\/\\\/www.trones.sk\\\/wp-content\\\/uploads\\\/2024\\\/09\\\/trones_logo_full.svg\",\"width\":1,\"height\":1,\"caption\":\"Trones s.r.o.\"},\"image\":{\"@id\":\"https:\\\/\\\/www.trones.sk\\\/#\\\/schema\\\/logo\\\/image\\\/\"},\"sameAs\":[\"https:\\\/\\\/www.facebook.com\\\/tronesdiamanty\",\"https:\\\/\\\/sk.pinterest.com\\\/trones2015\\\/\",\"https:\\\/\\\/www.instagram.com\\\/trones2015\\\/\"]}]}<\/script>\n<!-- \/ Yoast SEO plugin. -->","yoast_head_json":{"title":"Cookies - Trones","robots":{"index":"index","follow":"follow","max-snippet":"max-snippet:-1","max-image-preview":"max-image-preview:large","max-video-preview":"max-video-preview:-1"},"canonical":"https:\/\/www.trones.sk\/en\/cookies\/","og_locale":"en_GB","og_type":"article","og_title":"Cookies - Trones","og_url":"https:\/\/www.trones.sk\/en\/cookies\/","og_site_name":"Trones","article_publisher":"https:\/\/www.facebook.com\/tronesdiamanty","twitter_card":"summary_large_image","twitter_misc":{"Estimated reading time":"9 minutes"},"schema":{"@context":"https:\/\/schema.org","@graph":[{"@type":"WebPage","@id":"https:\/\/www.trones.sk\/cookies\/","url":"https:\/\/www.trones.sk\/cookies\/","name":"Cookies - Trones","isPartOf":{"@id":"https:\/\/www.trones.sk\/#website"},"datePublished":"2024-11-25T11:15:09+00:00","breadcrumb":{"@id":"https:\/\/www.trones.sk\/cookies\/#breadcrumb"},"inLanguage":"en-GB","potentialAction":[{"@type":"ReadAction","target":["https:\/\/www.trones.sk\/cookies\/"]}]},{"@type":"BreadcrumbList","@id":"https:\/\/www.trones.sk\/cookies\/#breadcrumb","itemListElement":[{"@type":"ListItem","position":1,"name":"Domovsk\u00e1 str\u00e1nka","item":"https:\/\/www.trones.sk\/"},{"@type":"ListItem","position":2,"name":"Cookies"}]},{"@type":"WebSite","@id":"https:\/\/www.trones.sk\/#website","url":"https:\/\/www.trones.sk\/","name":"Trones - Drahokamy bez kompromisov","description":"Rozumieme drah\u00fdm kame\u0148om","publisher":{"@id":"https:\/\/www.trones.sk\/#organization"},"potentialAction":[{"@type":"SearchAction","target":{"@type":"EntryPoint","urlTemplate":"https:\/\/www.trones.sk\/?s={search_term_string}"},"query-input":{"@type":"PropertyValueSpecification","valueRequired":true,"valueName":"search_term_string"}}],"inLanguage":"en-GB"},{"@type":"Organization","@id":"https:\/\/www.trones.sk\/#organization","name":"Trones s.r.o.","url":"https:\/\/www.trones.sk\/","logo":{"@type":"ImageObject","inLanguage":"en-GB","@id":"https:\/\/www.trones.sk\/#\/schema\/logo\/image\/","url":"https:\/\/www.trones.sk\/wp-content\/uploads\/2024\/09\/trones_logo_full.svg","contentUrl":"https:\/\/www.trones.sk\/wp-content\/uploads\/2024\/09\/trones_logo_full.svg","width":1,"height":1,"caption":"Trones s.r.o."},"image":{"@id":"https:\/\/www.trones.sk\/#\/schema\/logo\/image\/"},"sameAs":["https:\/\/www.facebook.com\/tronesdiamanty","https:\/\/sk.pinterest.com\/trones2015\/","https:\/\/www.instagram.com\/trones2015\/"]}]}},"_links":{"self":[{"href":"https:\/\/www.trones.sk\/en\/wp-json\/wp\/v2\/pages\/1729","targetHints":{"allow":["GET"]}}],"collection":[{"href":"https:\/\/www.trones.sk\/en\/wp-json\/wp\/v2\/pages"}],"about":[{"href":"https:\/\/www.trones.sk\/en\/wp-json\/wp\/v2\/types\/page"}],"author":[{"embeddable":true,"href":"https:\/\/www.trones.sk\/en\/wp-json\/wp\/v2\/users\/1"}],"replies":[{"embeddable":true,"href":"https:\/\/www.trones.sk\/en\/wp-json\/wp\/v2\/comments?post=1729"}],"version-history":[{"count":2,"href":"https:\/\/www.trones.sk\/en\/wp-json\/wp\/v2\/pages\/1729\/revisions"}],"predecessor-version":[{"id":1732,"href":"https:\/\/www.trones.sk\/en\/wp-json\/wp\/v2\/pages\/1729\/revisions\/1732"}],"wp:attachment":[{"href":"https:\/\/www.trones.sk\/en\/wp-json\/wp\/v2\/media?parent=1729"}],"curies":[{"name":"wp","href":"https:\/\/api.w.org\/{rel}","templated":true}]}}